{"id":902,"date":"2023-06-02T11:57:41","date_gmt":"2023-06-02T11:57:41","guid":{"rendered":"https:\/\/qm1lequartiermaitre.fr\/?post_type=product&#038;p=902"},"modified":"2025-11-19T17:36:48","modified_gmt":"2025-11-19T17:36:48","slug":"le-omaha","status":"publish","type":"product","link":"https:\/\/qm1lequartiermaitre.fr\/?product=le-omaha","title":{"rendered":"LE OMAHA 1\u00e8re"},"content":{"rendered":"<p>[et_pb_section fb_built=\u00a0\u00bb1&Prime; _builder_version=\u00a0\u00bb4.21.0&Prime; custom_margin=\u00a0\u00bb60px||||false|false\u00a0\u00bb custom_padding=\u00a0\u00bb0px||||false|false\u00a0\u00bb global_colors_info=\u00a0\u00bb{}\u00a0\u00bb][et_pb_row column_structure=\u00a0\u00bb1_2,1_2&Prime; _builder_version=\u00a0\u00bb4.16&Prime; background_size=\u00a0\u00bbinitial\u00a0\u00bb background_position=\u00a0\u00bbtop_left\u00a0\u00bb background_repeat=\u00a0\u00bbrepeat\u00a0\u00bb width=\u00a0\u00bb100%\u00a0\u00bb custom_padding=\u00a0\u00bb0px||||false|false\u00a0\u00bb global_colors_info=\u00a0\u00bb{}\u00a0\u00bb][et_pb_column type=\u00a0\u00bb1_2&Prime; _builder_version=\u00a0\u00bb4.16&Prime; custom_padding=\u00a0\u00bb|||\u00a0\u00bb global_colors_info=\u00a0\u00bb{}\u00a0\u00bb custom_padding__hover=\u00a0\u00bb|||\u00a0\u00bb][et_pb_wc_images _builder_version=\u00a0\u00bb4.19.4&Prime; transform_scale=\u00a0\u00bb75%|75%\u00a0\u00bb custom_margin=\u00a0\u00bb-84px||||false|false\u00a0\u00bb custom_padding=\u00a0\u00bb||||false|false\u00a0\u00bb border_radii=\u00a0\u00bboff|6px|6px|6px|6px\u00a0\u00bb global_colors_info=\u00a0\u00bb{}\u00a0\u00bb][\/et_pb_wc_images][\/et_pb_column][et_pb_column type=\u00a0\u00bb1_2&Prime; _builder_version=\u00a0\u00bb4.16&Prime; custom_padding=\u00a0\u00bb|||\u00a0\u00bb global_colors_info=\u00a0\u00bb{}\u00a0\u00bb custom_padding__hover=\u00a0\u00bb|||\u00a0\u00bb][et_pb_wc_title _builder_version=\u00a0\u00bb4.19.4&Prime; header_font=\u00a0\u00bbQuicksand||||||||\u00a0\u00bb header_text_color=\u00a0\u00bb#000040&Prime; global_colors_info=\u00a0\u00bb{}\u00a0\u00bb][\/et_pb_wc_title][et_pb_wc_price _builder_version=\u00a0\u00bb4.19.4&Prime; body_font=\u00a0\u00bbQuicksand||||||||\u00a0\u00bb body_text_color=\u00a0\u00bb#CC0000&Prime; global_colors_info=\u00a0\u00bb{}\u00a0\u00bb][\/et_pb_wc_price][et_pb_wc_description _builder_version=\u00a0\u00bb4.16&Prime; global_colors_info=\u00a0\u00bb{}\u00a0\u00bb][\/et_pb_wc_description][et_pb_wc_add_to_cart show_stock=\u00a0\u00bboff\u00a0\u00bb _builder_version=\u00a0\u00bb4.19.4&Prime; fields_background_color=\u00a0\u00bb#FFFFFF\u00a0\u00bb fields_text_color=\u00a0\u00bb#FFFFFF\u00a0\u00bb fields_focus_background_color=\u00a0\u00bb#000040&Prime; fields_focus_text_color=\u00a0\u00bb#FFFFFF\u00a0\u00bb dropdown_menus_background_color=\u00a0\u00bb#000040&Prime; dropdown_menus_text_color=\u00a0\u00bb#FFFFFF\u00a0\u00bb dropdown_menus_focus_background_color=\u00a0\u00bb#000040&Prime; dropdown_menus_focus_text_color=\u00a0\u00bb#FFFFFF\u00a0\u00bb dropdown_menus_custom_margin=\u00a0\u00bb16px||||false|false\u00a0\u00bb field_label_font=\u00a0\u00bbQuicksand|600|||||||\u00a0\u00bb field_label_text_color=\u00a0\u00bb#000040&Prime; custom_button=\u00a0\u00bbon\u00a0\u00bb button_text_size=\u00a0\u00bb17px\u00a0\u00bb button_text_color=\u00a0\u00bb#FFFFFF\u00a0\u00bb button_bg_color=\u00a0\u00bb#CC0000&Prime; button_border_width=\u00a0\u00bb4px\u00a0\u00bb button_border_color=\u00a0\u00bb#CC0000&Prime; button_border_radius=\u00a0\u00bb6px\u00a0\u00bb button_font=\u00a0\u00bbQuicksand||||||||\u00a0\u00bb button_use_icon=\u00a0\u00bboff\u00a0\u00bb button_custom_margin=\u00a0\u00bb|||5px|false|false\u00a0\u00bb width=\u00a0\u00bb53%\u00a0\u00bb custom_margin=\u00a0\u00bb||||false|false\u00a0\u00bb border_color_all_dropdown_menus=\u00a0\u00bbRGBA(255,255,255,0)\u00a0\u00bb global_colors_info=\u00a0\u00bb{}\u00a0\u00bb][\/et_pb_wc_add_to_cart][et_pb_text _builder_version=\u00a0\u00bb4.19.4&Prime; _module_preset=\u00a0\u00bbdefault\u00a0\u00bb text_font=\u00a0\u00bbQuicksand|600|||||||\u00a0\u00bb text_text_color=\u00a0\u00bb#CC0000&Prime; header_font=\u00a0\u00bbQuicksand||||||||\u00a0\u00bb custom_margin=\u00a0\u00bb|||8px|false|false\u00a0\u00bb global_colors_info=\u00a0\u00bb{}\u00a0\u00bb]Description[\/et_pb_text][et_pb_text _builder_version=\u00a0\u00bb4.27.4&Prime; _module_preset=\u00a0\u00bbdefault\u00a0\u00bb text_font=\u00a0\u00bbQuicksand||||||||\u00a0\u00bb text_text_color=\u00a0\u00bb#000040&Prime; custom_margin=\u00a0\u00bb|123px||8px|false|false\u00a0\u00bb global_colors_info=\u00a0\u00bb{}\u00a0\u00bb]<\/p>\n<p data-pm-slice=\"1 1 []\">La 1\u00e8re Division d&rsquo;Infantrie am\u00e9ricaine d\u00e9barque sur Omaha Beach, la zone la plus fortifi\u00e9e du front. Sous un d\u00e9luge de tirs, les soldats progressent difficilement \u00e0 travers les obstacles, les bunkers et les falaises. Les premi\u00e8res vagues sont presque an\u00e9anties avant m\u00eame d\u2019atteindre la plage. Ils finissent tout de m\u00eame par percer la ligne allemande au prix d\u2019un immense courage. Leur succ\u00e8s ouvre une br\u00e8che d\u00e9cisive pour l\u2019ensemble du d\u00e9barquement alli\u00e9 et reste un symbole majeur du sacrifice consenti lors de la lib\u00e9ration de l\u2019Europe.<\/p>\n<p>&nbsp;<\/p>\n<p>[\/et_pb_text][\/et_pb_column][\/et_pb_row][\/et_pb_section]<\/p>\n","protected":false},"excerpt":{"rendered":"<p>DescriptionLa 1\u00e8re Division d&rsquo;Infantrie am\u00e9ricaine d\u00e9barque sur Omaha Beach, la zone la plus fortifi\u00e9e du front. Sous un d\u00e9luge de tirs, les soldats progressent difficilement \u00e0 travers les obstacles, les bunkers et les falaises. Les premi\u00e8res vagues sont presque an\u00e9anties avant m\u00eame d\u2019atteindre la plage. Ils finissent tout de m\u00eame par percer la ligne allemande [&hellip;]<\/p>\n","protected":false},"featured_media":1015,"comment_status":"open","ping_status":"closed","template":"","meta":{"_et_pb_use_builder":"on","_et_pb_old_content":"","_et_gb_content_width":"","_monsterinsights_skip_tracking":false,"_monsterinsights_sitenote_active":false,"_monsterinsights_sitenote_note":"","_monsterinsights_sitenote_category":0},"product_brand":[],"product_cat":[38],"product_tag":[],"class_list":{"0":"post-902","1":"product","2":"type-product","3":"status-publish","4":"has-post-thumbnail","6":"product_cat-commemo","8":"first","9":"instock","10":"shipping-taxable","11":"purchasable","12":"product-type-variable"},"yoast_head":"<!-- This site is optimized with the Yoast SEO plugin v27.6 - https:\/\/yoast.com\/product\/yoast-seo-wordpress\/ -->\n<title>LE OMAHA 1\u00e8re - Le Quartier Ma\u00eetre<\/title>\n<meta name=\"description\" content=\"QM1 est une marque de v\u00eatements inspir\u00e9e de la marine nationale. LE OMAHA est un polo en hommage aux combattants du 6 juin 1944.\" \/>\n<meta name=\"robots\" content=\"index, follow, max-snippet:-1, max-image-preview:large, max-video-preview:-1\" \/>\n<link rel=\"canonical\" href=\"https:\/\/qm1lequartiermaitre.fr\/?product=le-omaha\" \/>\n<meta property=\"og:locale\" content=\"fr_FR\" \/>\n<meta property=\"og:type\" content=\"article\" \/>\n<meta property=\"og:title\" content=\"LE OMAHA 1\u00e8re - Le Quartier Ma\u00eetre\" \/>\n<meta property=\"og:description\" content=\"QM1 est une marque de v\u00eatements inspir\u00e9e de la marine nationale. LE OMAHA est un polo en hommage aux combattants du 6 juin 1944.\" \/>\n<meta property=\"og:url\" content=\"https:\/\/qm1lequartiermaitre.fr\/?product=le-omaha\" \/>\n<meta property=\"og:site_name\" content=\"Le Quartier Ma\u00eetre\" \/>\n<meta property=\"article:modified_time\" content=\"2025-11-19T17:36:48+00:00\" \/>\n<meta name=\"twitter:card\" content=\"summary_large_image\" \/>\n<meta name=\"twitter:label1\" content=\"Dur\u00e9e de lecture estim\u00e9e\" \/>\n\t<meta name=\"twitter:data1\" content=\"2 minutes\" \/>\n<script type=\"application\/ld+json\" class=\"yoast-schema-graph\">{\"@context\":\"https:\\\/\\\/schema.org\",\"@graph\":[{\"@type\":\"WebPage\",\"@id\":\"https:\\\/\\\/qm1lequartiermaitre.fr\\\/?product=le-omaha\",\"url\":\"https:\\\/\\\/qm1lequartiermaitre.fr\\\/?product=le-omaha\",\"name\":\"LE OMAHA 1\u00e8re - Le Quartier Ma\u00eetre\",\"isPartOf\":{\"@id\":\"https:\\\/\\\/qm1lequartiermaitre.fr\\\/#website\"},\"primaryImageOfPage\":{\"@id\":\"https:\\\/\\\/qm1lequartiermaitre.fr\\\/?product=le-omaha#primaryimage\"},\"image\":{\"@id\":\"https:\\\/\\\/qm1lequartiermaitre.fr\\\/?product=le-omaha#primaryimage\"},\"thumbnailUrl\":\"https:\\\/\\\/qm1lequartiermaitre.fr\\\/wp-content\\\/uploads\\\/2023\\\/06\\\/IMG_6400.jpg\",\"datePublished\":\"2023-06-02T11:57:41+00:00\",\"dateModified\":\"2025-11-19T17:36:48+00:00\",\"description\":\"QM1 est une marque de v\u00eatements inspir\u00e9e de la marine nationale. LE OMAHA est un polo en hommage aux combattants du 6 juin 1944.\",\"breadcrumb\":{\"@id\":\"https:\\\/\\\/qm1lequartiermaitre.fr\\\/?product=le-omaha#breadcrumb\"},\"inLanguage\":\"fr-FR\",\"potentialAction\":[{\"@type\":\"ReadAction\",\"target\":[\"https:\\\/\\\/qm1lequartiermaitre.fr\\\/?product=le-omaha\"]}]},{\"@type\":\"ImageObject\",\"inLanguage\":\"fr-FR\",\"@id\":\"https:\\\/\\\/qm1lequartiermaitre.fr\\\/?product=le-omaha#primaryimage\",\"url\":\"https:\\\/\\\/qm1lequartiermaitre.fr\\\/wp-content\\\/uploads\\\/2023\\\/06\\\/IMG_6400.jpg\",\"contentUrl\":\"https:\\\/\\\/qm1lequartiermaitre.fr\\\/wp-content\\\/uploads\\\/2023\\\/06\\\/IMG_6400.jpg\",\"width\":3024,\"height\":3024,\"caption\":\"omahabeach\"},{\"@type\":\"BreadcrumbList\",\"@id\":\"https:\\\/\\\/qm1lequartiermaitre.fr\\\/?product=le-omaha#breadcrumb\",\"itemListElement\":[{\"@type\":\"ListItem\",\"position\":1,\"name\":\"Accueil\",\"item\":\"https:\\\/\\\/qm1lequartiermaitre.fr\\\/\"},{\"@type\":\"ListItem\",\"position\":2,\"name\":\"QM1\",\"item\":\"https:\\\/\\\/qm1lequartiermaitre.fr\\\/?page_id=639\"},{\"@type\":\"ListItem\",\"position\":3,\"name\":\"LE OMAHA 1\u00e8re\"}]},{\"@type\":\"WebSite\",\"@id\":\"https:\\\/\\\/qm1lequartiermaitre.fr\\\/#website\",\"url\":\"https:\\\/\\\/qm1lequartiermaitre.fr\\\/\",\"name\":\"Le Quartier Ma\u00eetre\",\"description\":\"\",\"potentialAction\":[{\"@type\":\"SearchAction\",\"target\":{\"@type\":\"EntryPoint\",\"urlTemplate\":\"https:\\\/\\\/qm1lequartiermaitre.fr\\\/?s={search_term_string}\"},\"query-input\":{\"@type\":\"PropertyValueSpecification\",\"valueRequired\":true,\"valueName\":\"search_term_string\"}}],\"inLanguage\":\"fr-FR\"}]}<\/script>\n<!-- \/ Yoast SEO plugin. -->","yoast_head_json":{"title":"LE OMAHA 1\u00e8re - Le Quartier Ma\u00eetre","description":"QM1 est une marque de v\u00eatements inspir\u00e9e de la marine nationale. LE OMAHA est un polo en hommage aux combattants du 6 juin 1944.","robots":{"index":"index","follow":"follow","max-snippet":"max-snippet:-1","max-image-preview":"max-image-preview:large","max-video-preview":"max-video-preview:-1"},"canonical":"https:\/\/qm1lequartiermaitre.fr\/?product=le-omaha","og_locale":"fr_FR","og_type":"article","og_title":"LE OMAHA 1\u00e8re - Le Quartier Ma\u00eetre","og_description":"QM1 est une marque de v\u00eatements inspir\u00e9e de la marine nationale. LE OMAHA est un polo en hommage aux combattants du 6 juin 1944.","og_url":"https:\/\/qm1lequartiermaitre.fr\/?product=le-omaha","og_site_name":"Le Quartier Ma\u00eetre","article_modified_time":"2025-11-19T17:36:48+00:00","twitter_card":"summary_large_image","twitter_misc":{"Dur\u00e9e de lecture estim\u00e9e":"2 minutes"},"schema":{"@context":"https:\/\/schema.org","@graph":[{"@type":"WebPage","@id":"https:\/\/qm1lequartiermaitre.fr\/?product=le-omaha","url":"https:\/\/qm1lequartiermaitre.fr\/?product=le-omaha","name":"LE OMAHA 1\u00e8re - Le Quartier Ma\u00eetre","isPartOf":{"@id":"https:\/\/qm1lequartiermaitre.fr\/#website"},"primaryImageOfPage":{"@id":"https:\/\/qm1lequartiermaitre.fr\/?product=le-omaha#primaryimage"},"image":{"@id":"https:\/\/qm1lequartiermaitre.fr\/?product=le-omaha#primaryimage"},"thumbnailUrl":"https:\/\/qm1lequartiermaitre.fr\/wp-content\/uploads\/2023\/06\/IMG_6400.jpg","datePublished":"2023-06-02T11:57:41+00:00","dateModified":"2025-11-19T17:36:48+00:00","description":"QM1 est une marque de v\u00eatements inspir\u00e9e de la marine nationale. LE OMAHA est un polo en hommage aux combattants du 6 juin 1944.","breadcrumb":{"@id":"https:\/\/qm1lequartiermaitre.fr\/?product=le-omaha#breadcrumb"},"inLanguage":"fr-FR","potentialAction":[{"@type":"ReadAction","target":["https:\/\/qm1lequartiermaitre.fr\/?product=le-omaha"]}]},{"@type":"ImageObject","inLanguage":"fr-FR","@id":"https:\/\/qm1lequartiermaitre.fr\/?product=le-omaha#primaryimage","url":"https:\/\/qm1lequartiermaitre.fr\/wp-content\/uploads\/2023\/06\/IMG_6400.jpg","contentUrl":"https:\/\/qm1lequartiermaitre.fr\/wp-content\/uploads\/2023\/06\/IMG_6400.jpg","width":3024,"height":3024,"caption":"omahabeach"},{"@type":"BreadcrumbList","@id":"https:\/\/qm1lequartiermaitre.fr\/?product=le-omaha#breadcrumb","itemListElement":[{"@type":"ListItem","position":1,"name":"Accueil","item":"https:\/\/qm1lequartiermaitre.fr\/"},{"@type":"ListItem","position":2,"name":"QM1","item":"https:\/\/qm1lequartiermaitre.fr\/?page_id=639"},{"@type":"ListItem","position":3,"name":"LE OMAHA 1\u00e8re"}]},{"@type":"WebSite","@id":"https:\/\/qm1lequartiermaitre.fr\/#website","url":"https:\/\/qm1lequartiermaitre.fr\/","name":"Le Quartier Ma\u00eetre","description":"","potentialAction":[{"@type":"SearchAction","target":{"@type":"EntryPoint","urlTemplate":"https:\/\/qm1lequartiermaitre.fr\/?s={search_term_string}"},"query-input":{"@type":"PropertyValueSpecification","valueRequired":true,"valueName":"search_term_string"}}],"inLanguage":"fr-FR"}]}},"_links":{"self":[{"href":"https:\/\/qm1lequartiermaitre.fr\/index.php?rest_route=\/wp\/v2\/product\/902","targetHints":{"allow":["GET"]}}],"collection":[{"href":"https:\/\/qm1lequartiermaitre.fr\/index.php?rest_route=\/wp\/v2\/product"}],"about":[{"href":"https:\/\/qm1lequartiermaitre.fr\/index.php?rest_route=\/wp\/v2\/types\/product"}],"replies":[{"embeddable":true,"href":"https:\/\/qm1lequartiermaitre.fr\/index.php?rest_route=%2Fwp%2Fv2%2Fcomments&post=902"}],"wp:featuredmedia":[{"embeddable":true,"href":"https:\/\/qm1lequartiermaitre.fr\/index.php?rest_route=\/wp\/v2\/media\/1015"}],"wp:attachment":[{"href":"https:\/\/qm1lequartiermaitre.fr\/index.php?rest_route=%2Fwp%2Fv2%2Fmedia&parent=902"}],"wp:term":[{"taxonomy":"product_brand","embeddable":true,"href":"https:\/\/qm1lequartiermaitre.fr\/index.php?rest_route=%2Fwp%2Fv2%2Fproduct_brand&post=902"},{"taxonomy":"product_cat","embeddable":true,"href":"https:\/\/qm1lequartiermaitre.fr\/index.php?rest_route=%2Fwp%2Fv2%2Fproduct_cat&post=902"},{"taxonomy":"product_tag","embeddable":true,"href":"https:\/\/qm1lequartiermaitre.fr\/index.php?rest_route=%2Fwp%2Fv2%2Fproduct_tag&post=902"}],"curies":[{"name":"wp","href":"https:\/\/api.w.org\/{rel}","templated":true}]}}