{"id":316,"date":"2023-03-25T17:54:09","date_gmt":"2023-03-25T17:54:09","guid":{"rendered":"http:\/\/qm1lequartiermaitre.fr\/?post_type=product&#038;p=316"},"modified":"2023-04-30T11:05:47","modified_gmt":"2023-04-30T11:05:47","slug":"le-14-juillet","status":"publish","type":"product","link":"https:\/\/qm1lequartiermaitre.fr\/?product=le-14-juillet","title":{"rendered":"LE 14 JUILLET"},"content":{"rendered":"<p>[et_pb_section fb_built=\u00a0\u00bb1&Prime; _builder_version=\u00a0\u00bb4.21.0&Prime; custom_padding=\u00a0\u00bb0px||||false|false\u00a0\u00bb hover_enabled=\u00a0\u00bb0&Prime; global_colors_info=\u00a0\u00bb{}\u00a0\u00bb custom_margin=\u00a0\u00bb60px||||false|false\u00a0\u00bb sticky_enabled=\u00a0\u00bb0&Prime;][et_pb_row column_structure=\u00a0\u00bb1_2,1_2&Prime; _builder_version=\u00a0\u00bb4.16&Prime; background_size=\u00a0\u00bbinitial\u00a0\u00bb background_position=\u00a0\u00bbtop_left\u00a0\u00bb background_repeat=\u00a0\u00bbrepeat\u00a0\u00bb width=\u00a0\u00bb100%\u00a0\u00bb custom_padding=\u00a0\u00bb0px||||false|false\u00a0\u00bb global_colors_info=\u00a0\u00bb{}\u00a0\u00bb][et_pb_column type=\u00a0\u00bb1_2&Prime; _builder_version=\u00a0\u00bb4.16&Prime; custom_padding=\u00a0\u00bb|||\u00a0\u00bb global_colors_info=\u00a0\u00bb{}\u00a0\u00bb custom_padding__hover=\u00a0\u00bb|||\u00a0\u00bb][et_pb_wc_images _builder_version=\u00a0\u00bb4.19.4&Prime; transform_scale=\u00a0\u00bb75%|75%\u00a0\u00bb custom_margin=\u00a0\u00bb-84px||||false|false\u00a0\u00bb custom_padding=\u00a0\u00bb||||false|false\u00a0\u00bb border_radii=\u00a0\u00bboff|6px|6px|6px|6px\u00a0\u00bb global_colors_info=\u00a0\u00bb{}\u00a0\u00bb][\/et_pb_wc_images][\/et_pb_column][et_pb_column type=\u00a0\u00bb1_2&Prime; _builder_version=\u00a0\u00bb4.16&Prime; custom_padding=\u00a0\u00bb|||\u00a0\u00bb global_colors_info=\u00a0\u00bb{}\u00a0\u00bb custom_padding__hover=\u00a0\u00bb|||\u00a0\u00bb][et_pb_wc_title _builder_version=\u00a0\u00bb4.19.4&Prime; header_font=\u00a0\u00bbQuicksand||||||||\u00a0\u00bb header_text_color=\u00a0\u00bb#000040&Prime; global_colors_info=\u00a0\u00bb{}\u00a0\u00bb][\/et_pb_wc_title][et_pb_wc_price _builder_version=\u00a0\u00bb4.19.4&Prime; body_font=\u00a0\u00bbQuicksand||||||||\u00a0\u00bb body_text_color=\u00a0\u00bb#CC0000&Prime; global_colors_info=\u00a0\u00bb{}\u00a0\u00bb][\/et_pb_wc_price][et_pb_wc_description _builder_version=\u00a0\u00bb4.16&Prime; global_colors_info=\u00a0\u00bb{}\u00a0\u00bb][\/et_pb_wc_description][et_pb_wc_add_to_cart show_stock=\u00a0\u00bboff\u00a0\u00bb _builder_version=\u00a0\u00bb4.19.4&Prime; fields_background_color=\u00a0\u00bb#FFFFFF\u00a0\u00bb fields_text_color=\u00a0\u00bb#FFFFFF\u00a0\u00bb fields_focus_background_color=\u00a0\u00bb#000040&Prime; fields_focus_text_color=\u00a0\u00bb#FFFFFF\u00a0\u00bb dropdown_menus_background_color=\u00a0\u00bb#000040&Prime; dropdown_menus_text_color=\u00a0\u00bb#FFFFFF\u00a0\u00bb dropdown_menus_focus_background_color=\u00a0\u00bb#000040&Prime; dropdown_menus_focus_text_color=\u00a0\u00bb#FFFFFF\u00a0\u00bb dropdown_menus_custom_margin=\u00a0\u00bb16px||||false|false\u00a0\u00bb field_label_font=\u00a0\u00bbQuicksand|600|||||||\u00a0\u00bb field_label_text_color=\u00a0\u00bb#000040&Prime; custom_button=\u00a0\u00bbon\u00a0\u00bb button_text_size=\u00a0\u00bb17px\u00a0\u00bb button_text_color=\u00a0\u00bb#FFFFFF\u00a0\u00bb button_bg_color=\u00a0\u00bb#CC0000&Prime; button_border_width=\u00a0\u00bb4px\u00a0\u00bb button_border_color=\u00a0\u00bb#CC0000&Prime; button_border_radius=\u00a0\u00bb6px\u00a0\u00bb button_font=\u00a0\u00bbQuicksand||||||||\u00a0\u00bb button_use_icon=\u00a0\u00bboff\u00a0\u00bb button_custom_margin=\u00a0\u00bb|||5px|false|false\u00a0\u00bb width=\u00a0\u00bb53%\u00a0\u00bb custom_margin=\u00a0\u00bb||||false|false\u00a0\u00bb border_color_all_dropdown_menus=\u00a0\u00bbRGBA(255,255,255,0)\u00a0\u00bb global_colors_info=\u00a0\u00bb{}\u00a0\u00bb][\/et_pb_wc_add_to_cart][et_pb_text _builder_version=\u00a0\u00bb4.19.4&Prime; _module_preset=\u00a0\u00bbdefault\u00a0\u00bb text_font=\u00a0\u00bbQuicksand|600|||||||\u00a0\u00bb text_text_color=\u00a0\u00bb#CC0000&Prime; header_font=\u00a0\u00bbQuicksand||||||||\u00a0\u00bb custom_margin=\u00a0\u00bb|||8px|false|false\u00a0\u00bb global_colors_info=\u00a0\u00bb{}\u00a0\u00bb]<\/p>\n<p>Description<\/p>\n<p>[\/et_pb_text][et_pb_text _builder_version=\u00a0\u00bb4.19.4&Prime; _module_preset=\u00a0\u00bbdefault\u00a0\u00bb text_font=\u00a0\u00bbQuicksand||||||||\u00a0\u00bb text_text_color=\u00a0\u00bb#000040&Prime; custom_margin=\u00a0\u00bb|123px||8px|false|false\u00a0\u00bb global_colors_info=\u00a0\u00bb{}\u00a0\u00bb]<\/p>\n<p>Le 14 JUILLET est un polo 100% coton cr\u00e9er \u00e0 l&rsquo;occasion \u00e0 la f\u00eate nationale francaise en 2020.<\/p>\n<p>[\/et_pb_text][\/et_pb_column][\/et_pb_row][\/et_pb_section]<\/p>\n","protected":false},"excerpt":{"rendered":"<p>DescriptionLe 14 JUILLET est un polo 100% coton cr\u00e9er \u00e0 l&rsquo;occasion \u00e0 la f\u00eate nationale francaise en 2020.<\/p>\n","protected":false},"featured_media":321,"comment_status":"open","ping_status":"closed","template":"","meta":{"_et_pb_use_builder":"on","_et_pb_old_content":"LE QM1 est un polo 100% coton.","_et_gb_content_width":"","_monsterinsights_skip_tracking":false,"_monsterinsights_sitenote_active":false,"_monsterinsights_sitenote_note":"","_monsterinsights_sitenote_category":0},"product_brand":[],"product_cat":[32,27],"product_tag":[],"class_list":{"0":"post-316","1":"product","2":"type-product","3":"status-publish","4":"has-post-thumbnail","6":"product_cat-polos-qm1","7":"product_cat-qm1","9":"first","10":"instock","11":"shipping-taxable","12":"purchasable","13":"product-type-variable","14":"has-default-attributes"},"yoast_head":"<!-- This site is optimized with the Yoast SEO plugin v27.6 - https:\/\/yoast.com\/product\/yoast-seo-wordpress\/ -->\n<title>LE 14 JUILLET - Le Quartier Ma\u00eetre<\/title>\n<meta name=\"description\" content=\"QM1 est une marque de v\u00eatements inspir\u00e9e de la marine nationale. Le 14 Juillet est un polo 100% coton cr\u00e9er en l&#039;honneur de la f\u00eate nationale francaise.\" \/>\n<meta name=\"robots\" content=\"index, follow, max-snippet:-1, max-image-preview:large, max-video-preview:-1\" \/>\n<link rel=\"canonical\" href=\"https:\/\/qm1lequartiermaitre.fr\/?product=le-14-juillet\" \/>\n<meta property=\"og:locale\" content=\"fr_FR\" \/>\n<meta property=\"og:type\" content=\"article\" \/>\n<meta property=\"og:title\" content=\"LE 14 JUILLET - Le Quartier Ma\u00eetre\" \/>\n<meta property=\"og:description\" content=\"QM1 est une marque de v\u00eatements inspir\u00e9e de la marine nationale. Le 14 Juillet est un polo 100% coton cr\u00e9er en l&#039;honneur de la f\u00eate nationale francaise.\" \/>\n<meta property=\"og:url\" content=\"https:\/\/qm1lequartiermaitre.fr\/?product=le-14-juillet\" \/>\n<meta property=\"og:site_name\" content=\"Le Quartier Ma\u00eetre\" \/>\n<meta property=\"article:modified_time\" content=\"2023-04-30T11:05:47+00:00\" \/>\n<meta property=\"og:image\" content=\"http:\/\/qm1lequartiermaitre.fr\/wp-content\/uploads\/2023\/03\/IMG_5724344-1.jpg\" \/>\n\t<meta property=\"og:image:width\" content=\"2488\" \/>\n\t<meta property=\"og:image:height\" content=\"2488\" \/>\n\t<meta property=\"og:image:type\" content=\"image\/jpeg\" \/>\n<meta name=\"twitter:card\" content=\"summary_large_image\" \/>\n<meta name=\"twitter:label1\" content=\"Dur\u00e9e de lecture estim\u00e9e\" \/>\n\t<meta name=\"twitter:data1\" content=\"1 minute\" \/>\n<script type=\"application\/ld+json\" class=\"yoast-schema-graph\">{\"@context\":\"https:\\\/\\\/schema.org\",\"@graph\":[{\"@type\":\"WebPage\",\"@id\":\"https:\\\/\\\/qm1lequartiermaitre.fr\\\/?product=le-14-juillet\",\"url\":\"https:\\\/\\\/qm1lequartiermaitre.fr\\\/?product=le-14-juillet\",\"name\":\"LE 14 JUILLET - Le Quartier Ma\u00eetre\",\"isPartOf\":{\"@id\":\"https:\\\/\\\/qm1lequartiermaitre.fr\\\/#website\"},\"primaryImageOfPage\":{\"@id\":\"https:\\\/\\\/qm1lequartiermaitre.fr\\\/?product=le-14-juillet#primaryimage\"},\"image\":{\"@id\":\"https:\\\/\\\/qm1lequartiermaitre.fr\\\/?product=le-14-juillet#primaryimage\"},\"thumbnailUrl\":\"https:\\\/\\\/qm1lequartiermaitre.fr\\\/wp-content\\\/uploads\\\/2023\\\/03\\\/IMG_5724344-1.jpg\",\"datePublished\":\"2023-03-25T17:54:09+00:00\",\"dateModified\":\"2023-04-30T11:05:47+00:00\",\"description\":\"QM1 est une marque de v\u00eatements inspir\u00e9e de la marine nationale. Le 14 Juillet est un polo 100% coton cr\u00e9er en l'honneur de la f\u00eate nationale francaise.\",\"breadcrumb\":{\"@id\":\"https:\\\/\\\/qm1lequartiermaitre.fr\\\/?product=le-14-juillet#breadcrumb\"},\"inLanguage\":\"fr-FR\",\"potentialAction\":[{\"@type\":\"ReadAction\",\"target\":[\"https:\\\/\\\/qm1lequartiermaitre.fr\\\/?product=le-14-juillet\"]}]},{\"@type\":\"ImageObject\",\"inLanguage\":\"fr-FR\",\"@id\":\"https:\\\/\\\/qm1lequartiermaitre.fr\\\/?product=le-14-juillet#primaryimage\",\"url\":\"https:\\\/\\\/qm1lequartiermaitre.fr\\\/wp-content\\\/uploads\\\/2023\\\/03\\\/IMG_5724344-1.jpg\",\"contentUrl\":\"https:\\\/\\\/qm1lequartiermaitre.fr\\\/wp-content\\\/uploads\\\/2023\\\/03\\\/IMG_5724344-1.jpg\",\"width\":1920,\"height\":1920,\"caption\":\"polo-francais\"},{\"@type\":\"BreadcrumbList\",\"@id\":\"https:\\\/\\\/qm1lequartiermaitre.fr\\\/?product=le-14-juillet#breadcrumb\",\"itemListElement\":[{\"@type\":\"ListItem\",\"position\":1,\"name\":\"Accueil\",\"item\":\"https:\\\/\\\/qm1lequartiermaitre.fr\\\/\"},{\"@type\":\"ListItem\",\"position\":2,\"name\":\"QM1\",\"item\":\"https:\\\/\\\/qm1lequartiermaitre.fr\\\/?page_id=639\"},{\"@type\":\"ListItem\",\"position\":3,\"name\":\"LE 14 JUILLET\"}]},{\"@type\":\"WebSite\",\"@id\":\"https:\\\/\\\/qm1lequartiermaitre.fr\\\/#website\",\"url\":\"https:\\\/\\\/qm1lequartiermaitre.fr\\\/\",\"name\":\"Le Quartier Ma\u00eetre\",\"description\":\"\",\"potentialAction\":[{\"@type\":\"SearchAction\",\"target\":{\"@type\":\"EntryPoint\",\"urlTemplate\":\"https:\\\/\\\/qm1lequartiermaitre.fr\\\/?s={search_term_string}\"},\"query-input\":{\"@type\":\"PropertyValueSpecification\",\"valueRequired\":true,\"valueName\":\"search_term_string\"}}],\"inLanguage\":\"fr-FR\"}]}<\/script>\n<!-- \/ Yoast SEO plugin. -->","yoast_head_json":{"title":"LE 14 JUILLET - Le Quartier Ma\u00eetre","description":"QM1 est une marque de v\u00eatements inspir\u00e9e de la marine nationale. Le 14 Juillet est un polo 100% coton cr\u00e9er en l'honneur de la f\u00eate nationale francaise.","robots":{"index":"index","follow":"follow","max-snippet":"max-snippet:-1","max-image-preview":"max-image-preview:large","max-video-preview":"max-video-preview:-1"},"canonical":"https:\/\/qm1lequartiermaitre.fr\/?product=le-14-juillet","og_locale":"fr_FR","og_type":"article","og_title":"LE 14 JUILLET - Le Quartier Ma\u00eetre","og_description":"QM1 est une marque de v\u00eatements inspir\u00e9e de la marine nationale. Le 14 Juillet est un polo 100% coton cr\u00e9er en l'honneur de la f\u00eate nationale francaise.","og_url":"https:\/\/qm1lequartiermaitre.fr\/?product=le-14-juillet","og_site_name":"Le Quartier Ma\u00eetre","article_modified_time":"2023-04-30T11:05:47+00:00","og_image":[{"width":2488,"height":2488,"url":"http:\/\/qm1lequartiermaitre.fr\/wp-content\/uploads\/2023\/03\/IMG_5724344-1.jpg","type":"image\/jpeg"}],"twitter_card":"summary_large_image","twitter_misc":{"Dur\u00e9e de lecture estim\u00e9e":"1 minute"},"schema":{"@context":"https:\/\/schema.org","@graph":[{"@type":"WebPage","@id":"https:\/\/qm1lequartiermaitre.fr\/?product=le-14-juillet","url":"https:\/\/qm1lequartiermaitre.fr\/?product=le-14-juillet","name":"LE 14 JUILLET - Le Quartier Ma\u00eetre","isPartOf":{"@id":"https:\/\/qm1lequartiermaitre.fr\/#website"},"primaryImageOfPage":{"@id":"https:\/\/qm1lequartiermaitre.fr\/?product=le-14-juillet#primaryimage"},"image":{"@id":"https:\/\/qm1lequartiermaitre.fr\/?product=le-14-juillet#primaryimage"},"thumbnailUrl":"https:\/\/qm1lequartiermaitre.fr\/wp-content\/uploads\/2023\/03\/IMG_5724344-1.jpg","datePublished":"2023-03-25T17:54:09+00:00","dateModified":"2023-04-30T11:05:47+00:00","description":"QM1 est une marque de v\u00eatements inspir\u00e9e de la marine nationale. Le 14 Juillet est un polo 100% coton cr\u00e9er en l'honneur de la f\u00eate nationale francaise.","breadcrumb":{"@id":"https:\/\/qm1lequartiermaitre.fr\/?product=le-14-juillet#breadcrumb"},"inLanguage":"fr-FR","potentialAction":[{"@type":"ReadAction","target":["https:\/\/qm1lequartiermaitre.fr\/?product=le-14-juillet"]}]},{"@type":"ImageObject","inLanguage":"fr-FR","@id":"https:\/\/qm1lequartiermaitre.fr\/?product=le-14-juillet#primaryimage","url":"https:\/\/qm1lequartiermaitre.fr\/wp-content\/uploads\/2023\/03\/IMG_5724344-1.jpg","contentUrl":"https:\/\/qm1lequartiermaitre.fr\/wp-content\/uploads\/2023\/03\/IMG_5724344-1.jpg","width":1920,"height":1920,"caption":"polo-francais"},{"@type":"BreadcrumbList","@id":"https:\/\/qm1lequartiermaitre.fr\/?product=le-14-juillet#breadcrumb","itemListElement":[{"@type":"ListItem","position":1,"name":"Accueil","item":"https:\/\/qm1lequartiermaitre.fr\/"},{"@type":"ListItem","position":2,"name":"QM1","item":"https:\/\/qm1lequartiermaitre.fr\/?page_id=639"},{"@type":"ListItem","position":3,"name":"LE 14 JUILLET"}]},{"@type":"WebSite","@id":"https:\/\/qm1lequartiermaitre.fr\/#website","url":"https:\/\/qm1lequartiermaitre.fr\/","name":"Le Quartier Ma\u00eetre","description":"","potentialAction":[{"@type":"SearchAction","target":{"@type":"EntryPoint","urlTemplate":"https:\/\/qm1lequartiermaitre.fr\/?s={search_term_string}"},"query-input":{"@type":"PropertyValueSpecification","valueRequired":true,"valueName":"search_term_string"}}],"inLanguage":"fr-FR"}]}},"_links":{"self":[{"href":"https:\/\/qm1lequartiermaitre.fr\/index.php?rest_route=\/wp\/v2\/product\/316","targetHints":{"allow":["GET"]}}],"collection":[{"href":"https:\/\/qm1lequartiermaitre.fr\/index.php?rest_route=\/wp\/v2\/product"}],"about":[{"href":"https:\/\/qm1lequartiermaitre.fr\/index.php?rest_route=\/wp\/v2\/types\/product"}],"replies":[{"embeddable":true,"href":"https:\/\/qm1lequartiermaitre.fr\/index.php?rest_route=%2Fwp%2Fv2%2Fcomments&post=316"}],"wp:featuredmedia":[{"embeddable":true,"href":"https:\/\/qm1lequartiermaitre.fr\/index.php?rest_route=\/wp\/v2\/media\/321"}],"wp:attachment":[{"href":"https:\/\/qm1lequartiermaitre.fr\/index.php?rest_route=%2Fwp%2Fv2%2Fmedia&parent=316"}],"wp:term":[{"taxonomy":"product_brand","embeddable":true,"href":"https:\/\/qm1lequartiermaitre.fr\/index.php?rest_route=%2Fwp%2Fv2%2Fproduct_brand&post=316"},{"taxonomy":"product_cat","embeddable":true,"href":"https:\/\/qm1lequartiermaitre.fr\/index.php?rest_route=%2Fwp%2Fv2%2Fproduct_cat&post=316"},{"taxonomy":"product_tag","embeddable":true,"href":"https:\/\/qm1lequartiermaitre.fr\/index.php?rest_route=%2Fwp%2Fv2%2Fproduct_tag&post=316"}],"curies":[{"name":"wp","href":"https:\/\/api.w.org\/{rel}","templated":true}]}}