{"id":725,"date":"2023-04-29T20:26:32","date_gmt":"2023-04-29T20:26:32","guid":{"rendered":"https:\/\/qm1lequartiermaitre.fr\/?page_id=725"},"modified":"2023-04-29T20:36:13","modified_gmt":"2023-04-29T20:36:13","slug":"mentions-legales","status":"publish","type":"page","link":"https:\/\/qm1lequartiermaitre.fr\/?page_id=725","title":{"rendered":"mentions l\u00e9gales"},"content":{"rendered":"<p>[et_pb_section fb_built=\u00a0\u00bb1&Prime; theme_builder_area=\u00a0\u00bbpost_content\u00a0\u00bb _builder_version=\u00a0\u00bb4.20.4&Prime; _module_preset=\u00a0\u00bbdefault\u00a0\u00bb][et_pb_row _builder_version=\u00a0\u00bb4.20.4&Prime; _module_preset=\u00a0\u00bbdefault\u00a0\u00bb theme_builder_area=\u00a0\u00bbpost_content\u00a0\u00bb][et_pb_column _builder_version=\u00a0\u00bb4.20.4&Prime; _module_preset=\u00a0\u00bbdefault\u00a0\u00bb type=\u00a0\u00bb4_4&Prime; theme_builder_area=\u00a0\u00bbpost_content\u00a0\u00bb][et_pb_text _builder_version=\u00a0\u00bb4.20.4&Prime; _module_preset=\u00a0\u00bbdefault\u00a0\u00bb theme_builder_area=\u00a0\u00bbpost_content\u00a0\u00bb text_font=\u00a0\u00bbQuicksand||||||||\u00a0\u00bb text_text_color=\u00a0\u00bb#000040&Prime; hover_enabled=\u00a0\u00bb0&Prime; sticky_enabled=\u00a0\u00bb0&Prime;]<\/p>\n<div id=\"mentions\" class=\"et_pb_row et_pb_row_0\">\n<div class=\"et_pb_column et_pb_column_4_4 et_pb_column_0  et_pb_css_mix_blend_mode_passthrough et-last-child\">\n<div class=\"et_pb_module et_pb_text et_pb_text_0  et_pb_text_align_left et_pb_bg_layout_light\">\n<div class=\"et_pb_text_inner\">\n<h2>Mentions l\u00e9gales<\/h2>\n<p><strong>Propri\u00e9taire<\/strong>\u00a0:<br \/>QM1 &#8211; Le Quartier Ma\u00eetre \u2013 Pierre No\u00e9<br \/><span style=\"color: #ff0000;\"><span style=\"color: #993300;\">qm1lequartiermaitre.fr<\/span><\/span><br \/>pierrenoeqm1@gmail.com<\/p>\n<p><strong>H\u00e9bergeur<\/strong>\u00a0:<br \/>Hostinger<\/p>\n<p><strong>Cr\u00e9ateur du site<\/strong>\u00a0:<br \/>Marie No\u00e9<br \/><span style=\"color: #993300;\">mnoe.marie@gmail.com<\/span><\/p>\n<\/div>\n<\/div>\n<\/div>\n<\/div>\n<div id=\"mentions\" class=\"et_pb_row et_pb_row_1\">\n<div class=\"et_pb_column et_pb_column_4_4 et_pb_column_1  et_pb_css_mix_blend_mode_passthrough et-last-child\">\n<div class=\"et_pb_module et_pb_text et_pb_text_1  et_pb_text_align_left et_pb_bg_layout_light\">\n<div class=\"et_pb_text_inner\">\n<h2><strong>Conditions d\u2019utilisation<\/strong><\/h2>\n<p>Les pr\u00e9sentes conditions d\u2019utilisation r\u00e9gissent l\u2019utilisation du site QM1 &#8211; Le Quartier Maitre. Elles peuvent \u00eatre chang\u00e9es \u00e0 tout moment par le propri\u00e9taire. L\u2019utilisateur du site se doit d\u2019en prendre connaissance.<\/p>\n<h3><strong>Propri\u00e9t\u00e9 intellectuelle<\/strong><\/h3>\n<p id=\"block-1653f82a-df30-4d45-9d81-0a9d7ff9edd7\">Pierre No\u00e9 est propri\u00e9taire exclusif de tous les droits de propri\u00e9t\u00e9 intellectuelle ou d\u00e9tient les droits d\u2019usage sur tous les \u00e9l\u00e9ments accessibles sur le site, tant sur la structure que sur les textes, images, graphismes, logo, ic\u00f4nes, sons, logiciels\u2026<\/p>\n<p id=\"block-210a062c-6132-483a-8506-6819a0df2545\">Toute reproduction, repr\u00e9sentation, modification, publication, adaptation de tout ou partie des \u00e9l\u00e9ments du site, quel que soit le moyen ou le proc\u00e9d\u00e9 utilis\u00e9, est interdite, sauf autorisation \u00e9crite pr\u00e9alable de Pierre No\u00e9.<\/p>\n<h3><strong>Liens hypertext<\/strong><\/h3>\n<p id=\"block-1c5f9cd2-7a52-442c-96cb-1ba2f49aadaf\">Le site contient un certain nombre de liens hypertextes vers d\u2019autres sites (partenaires, informations \u2026) mis en place avec notre autorisation. Cependant, nous ne disposons d\u2019aucun moyen pour contr\u00f4ler les sites en connexion avec ces sites internet. Nous ne r\u00e9pondons pas de la disponibilit\u00e9 de tels sites et sources externes, ni ne la garantissons. Nous ne pouvons \u00eatre tenus pour responsable de tout dommage, de quelque nature que ce soit, r\u00e9sultant du contenu de ces sites ou sources externes, et notamment des informations, produits ou services qu\u2019ils proposent, ou de tout usage qui peut \u00eatre fait de ces \u00e9l\u00e9ments. Les risques li\u00e9s \u00e0 cette utilisation incombent pleinement \u00e0 l\u2019utilisation, qui doit se conformer \u00e0 leurs conditions d\u2019utilisation.<\/p>\n<h3><strong>Limitations contractuelles sur les donn\u00e9es techniques<\/strong><\/h3>\n<p id=\"block-908f790b-44fa-45b6-9068-e24cb15d5b0e\">Pierre No\u00e9 ne pourra \u00eatre tenue responsable de dommages mat\u00e9riels li\u00e9s \u00e0 l\u2019utilisation du site internet. De plus, l\u2019utilisateur du site internet s\u2019engage \u00e0 acc\u00e9der au site en utilisant un mat\u00e9riel r\u00e9cent, ne contenant pas de virus et avec un navigateur de derni\u00e8re g\u00e9n\u00e9ration mis-\u00e0-jour.<\/p>\n<p id=\"block-47757d5e-3bce-4c74-9484-530845e4906f\">Tout contenu t\u00e9l\u00e9charg\u00e9 se fait aux risques et p\u00e9rils de l\u2019utilisateur et sous sa seule responsabilit\u00e9. En cons\u00e9quence, Pierre No\u00e9 ne saurait \u00eatre tenue responsable d\u2019un quelconque dommage subi par l\u2019ordinateur de l\u2019utilisateur ou d\u2019une quelconque perte de donn\u00e9es cons\u00e9cutives au t\u00e9l\u00e9chargement.<\/p>\n<h3><strong>Accessibilit\u00e9<\/strong><\/h3>\n<p id=\"block-82dba5eb-eec1-45e4-a2d3-e501d041e89f\">Le site est par principe accessible aux utilisateurs 24\/24h, 7\/7j, sauf interruption, programm\u00e9e ou non, pour les besoins de sa maintenance ou en cas de force majeure. En cas d\u2019impossibilit\u00e9 d\u2019acc\u00e8s au service, Pierre No\u00e9 s\u2019engage \u00e0 faire son maximum afin de r\u00e9tablir l\u2019acc\u00e8s au service et s\u2019efforcera alors de communiquer pr\u00e9alablement aux utilisateurs les dates et heures de l\u2019intervention. N\u2019\u00e9tant soumis qu\u2019\u00e0 une obligation de moyen, nous ne saurions \u00eatre tenus pour responsables de tout dommage, quelle qu\u2019en soit la nature, r\u00e9sultant d\u2019une indisponibilit\u00e9 du service.<\/p>\n<p id=\"block-8c20565c-3476-4d3e-8a35-aaad566095f1\">L\u2019h\u00e9bergeur assure la continuit\u00e9 de son service 24 Heures sur 24, tous les jours de l\u2019ann\u00e9e. Il se r\u00e9serve n\u00e9anmoins la possibilit\u00e9 d\u2019interrompre le service d\u2019h\u00e9bergement pour les dur\u00e9es les plus courtes possibles notamment \u00e0 des fins de maintenance, d\u2019am\u00e9lioration de ses infrastructures, de d\u00e9faillance de ses infrastructures ou si les Prestations et Services g\u00e9n\u00e8rent un trafic r\u00e9put\u00e9 anormal.<\/p>\n<\/div>\n<\/div>\n<\/div>\n<\/div>\n<p>[\/et_pb_text][\/et_pb_column][\/et_pb_row][\/et_pb_section]<\/p>\n","protected":false},"excerpt":{"rendered":"<p>Mentions l\u00e9gales Propri\u00e9taire\u00a0:QM1 &#8211; Le Quartier Ma\u00eetre \u2013 Pierre No\u00e9qm1lequartiermaitre.frpierrenoeqm1@gmail.com H\u00e9bergeur\u00a0:Hostinger Cr\u00e9ateur du site\u00a0:Marie No\u00e9mnoe.marie@gmail.com Conditions d\u2019utilisation Les pr\u00e9sentes conditions d\u2019utilisation r\u00e9gissent l\u2019utilisation du site QM1 &#8211; Le Quartier Maitre. Elles peuvent \u00eatre chang\u00e9es \u00e0 tout moment par le propri\u00e9taire. L\u2019utilisateur du site se doit d\u2019en prendre connaissance. Propri\u00e9t\u00e9 intellectuelle Pierre No\u00e9 est propri\u00e9taire exclusif [&hellip;]<\/p>\n","protected":false},"author":1,"featured_media":0,"parent":0,"menu_order":0,"comment_status":"closed","ping_status":"closed","template":"","meta":{"_et_pb_use_builder":"on","_et_pb_old_content":"","_et_gb_content_width":"","_monsterinsights_skip_tracking":false,"_monsterinsights_sitenote_active":false,"_monsterinsights_sitenote_note":"","_monsterinsights_sitenote_category":0,"footnotes":""},"class_list":["post-725","page","type-page","status-publish","hentry"],"yoast_head":"<!-- This site is optimized with the Yoast SEO plugin v27.6 - https:\/\/yoast.com\/product\/yoast-seo-wordpress\/ -->\n<title>mentions l\u00e9gales - Le Quartier Ma\u00eetre<\/title>\n<meta name=\"robots\" content=\"index, follow, max-snippet:-1, max-image-preview:large, max-video-preview:-1\" \/>\n<link rel=\"canonical\" href=\"https:\/\/qm1lequartiermaitre.fr\/?page_id=725\" \/>\n<meta property=\"og:locale\" content=\"fr_FR\" \/>\n<meta property=\"og:type\" content=\"article\" \/>\n<meta property=\"og:title\" content=\"mentions l\u00e9gales - Le Quartier Ma\u00eetre\" \/>\n<meta property=\"og:description\" content=\"Mentions l\u00e9gales Propri\u00e9taire\u00a0:QM1 - Le Quartier Ma\u00eetre \u2013 Pierre No\u00e9qm1lequartiermaitre.frpierrenoeqm1@gmail.com H\u00e9bergeur\u00a0:Hostinger Cr\u00e9ateur du site\u00a0:Marie No\u00e9mnoe.marie@gmail.com Conditions d\u2019utilisation Les pr\u00e9sentes conditions d\u2019utilisation r\u00e9gissent l\u2019utilisation du site QM1 - Le Quartier Maitre. Elles peuvent \u00eatre chang\u00e9es \u00e0 tout moment par le propri\u00e9taire. L\u2019utilisateur du site se doit d\u2019en prendre connaissance. Propri\u00e9t\u00e9 intellectuelle Pierre No\u00e9 est propri\u00e9taire exclusif [&hellip;]\" \/>\n<meta property=\"og:url\" content=\"https:\/\/qm1lequartiermaitre.fr\/?page_id=725\" \/>\n<meta property=\"og:site_name\" content=\"Le Quartier Ma\u00eetre\" \/>\n<meta property=\"article:modified_time\" content=\"2023-04-29T20:36:13+00:00\" \/>\n<meta name=\"twitter:card\" content=\"summary_large_image\" \/>\n<script type=\"application\/ld+json\" class=\"yoast-schema-graph\">{\"@context\":\"https:\\\/\\\/schema.org\",\"@graph\":[{\"@type\":\"WebPage\",\"@id\":\"https:\\\/\\\/qm1lequartiermaitre.fr\\\/?page_id=725\",\"url\":\"https:\\\/\\\/qm1lequartiermaitre.fr\\\/?page_id=725\",\"name\":\"mentions l\u00e9gales - Le Quartier Ma\u00eetre\",\"isPartOf\":{\"@id\":\"https:\\\/\\\/qm1lequartiermaitre.fr\\\/#website\"},\"datePublished\":\"2023-04-29T20:26:32+00:00\",\"dateModified\":\"2023-04-29T20:36:13+00:00\",\"breadcrumb\":{\"@id\":\"https:\\\/\\\/qm1lequartiermaitre.fr\\\/?page_id=725#breadcrumb\"},\"inLanguage\":\"fr-FR\",\"potentialAction\":[{\"@type\":\"ReadAction\",\"target\":[\"https:\\\/\\\/qm1lequartiermaitre.fr\\\/?page_id=725\"]}]},{\"@type\":\"BreadcrumbList\",\"@id\":\"https:\\\/\\\/qm1lequartiermaitre.fr\\\/?page_id=725#breadcrumb\",\"itemListElement\":[{\"@type\":\"ListItem\",\"position\":1,\"name\":\"Accueil\",\"item\":\"https:\\\/\\\/qm1lequartiermaitre.fr\\\/\"},{\"@type\":\"ListItem\",\"position\":2,\"name\":\"mentions l\u00e9gales\"}]},{\"@type\":\"WebSite\",\"@id\":\"https:\\\/\\\/qm1lequartiermaitre.fr\\\/#website\",\"url\":\"https:\\\/\\\/qm1lequartiermaitre.fr\\\/\",\"name\":\"Le Quartier Ma\u00eetre\",\"description\":\"\",\"potentialAction\":[{\"@type\":\"SearchAction\",\"target\":{\"@type\":\"EntryPoint\",\"urlTemplate\":\"https:\\\/\\\/qm1lequartiermaitre.fr\\\/?s={search_term_string}\"},\"query-input\":{\"@type\":\"PropertyValueSpecification\",\"valueRequired\":true,\"valueName\":\"search_term_string\"}}],\"inLanguage\":\"fr-FR\"}]}<\/script>\n<!-- \/ Yoast SEO plugin. -->","yoast_head_json":{"title":"mentions l\u00e9gales - Le Quartier Ma\u00eetre","robots":{"index":"index","follow":"follow","max-snippet":"max-snippet:-1","max-image-preview":"max-image-preview:large","max-video-preview":"max-video-preview:-1"},"canonical":"https:\/\/qm1lequartiermaitre.fr\/?page_id=725","og_locale":"fr_FR","og_type":"article","og_title":"mentions l\u00e9gales - Le Quartier Ma\u00eetre","og_description":"Mentions l\u00e9gales Propri\u00e9taire\u00a0:QM1 - Le Quartier Ma\u00eetre \u2013 Pierre No\u00e9qm1lequartiermaitre.frpierrenoeqm1@gmail.com H\u00e9bergeur\u00a0:Hostinger Cr\u00e9ateur du site\u00a0:Marie No\u00e9mnoe.marie@gmail.com Conditions d\u2019utilisation Les pr\u00e9sentes conditions d\u2019utilisation r\u00e9gissent l\u2019utilisation du site QM1 - Le Quartier Maitre. Elles peuvent \u00eatre chang\u00e9es \u00e0 tout moment par le propri\u00e9taire. L\u2019utilisateur du site se doit d\u2019en prendre connaissance. Propri\u00e9t\u00e9 intellectuelle Pierre No\u00e9 est propri\u00e9taire exclusif [&hellip;]","og_url":"https:\/\/qm1lequartiermaitre.fr\/?page_id=725","og_site_name":"Le Quartier Ma\u00eetre","article_modified_time":"2023-04-29T20:36:13+00:00","twitter_card":"summary_large_image","schema":{"@context":"https:\/\/schema.org","@graph":[{"@type":"WebPage","@id":"https:\/\/qm1lequartiermaitre.fr\/?page_id=725","url":"https:\/\/qm1lequartiermaitre.fr\/?page_id=725","name":"mentions l\u00e9gales - Le Quartier Ma\u00eetre","isPartOf":{"@id":"https:\/\/qm1lequartiermaitre.fr\/#website"},"datePublished":"2023-04-29T20:26:32+00:00","dateModified":"2023-04-29T20:36:13+00:00","breadcrumb":{"@id":"https:\/\/qm1lequartiermaitre.fr\/?page_id=725#breadcrumb"},"inLanguage":"fr-FR","potentialAction":[{"@type":"ReadAction","target":["https:\/\/qm1lequartiermaitre.fr\/?page_id=725"]}]},{"@type":"BreadcrumbList","@id":"https:\/\/qm1lequartiermaitre.fr\/?page_id=725#breadcrumb","itemListElement":[{"@type":"ListItem","position":1,"name":"Accueil","item":"https:\/\/qm1lequartiermaitre.fr\/"},{"@type":"ListItem","position":2,"name":"mentions l\u00e9gales"}]},{"@type":"WebSite","@id":"https:\/\/qm1lequartiermaitre.fr\/#website","url":"https:\/\/qm1lequartiermaitre.fr\/","name":"Le Quartier Ma\u00eetre","description":"","potentialAction":[{"@type":"SearchAction","target":{"@type":"EntryPoint","urlTemplate":"https:\/\/qm1lequartiermaitre.fr\/?s={search_term_string}"},"query-input":{"@type":"PropertyValueSpecification","valueRequired":true,"valueName":"search_term_string"}}],"inLanguage":"fr-FR"}]}},"_links":{"self":[{"href":"https:\/\/qm1lequartiermaitre.fr\/index.php?rest_route=\/wp\/v2\/pages\/725","targetHints":{"allow":["GET"]}}],"collection":[{"href":"https:\/\/qm1lequartiermaitre.fr\/index.php?rest_route=\/wp\/v2\/pages"}],"about":[{"href":"https:\/\/qm1lequartiermaitre.fr\/index.php?rest_route=\/wp\/v2\/types\/page"}],"author":[{"embeddable":true,"href":"https:\/\/qm1lequartiermaitre.fr\/index.php?rest_route=\/wp\/v2\/users\/1"}],"replies":[{"embeddable":true,"href":"https:\/\/qm1lequartiermaitre.fr\/index.php?rest_route=%2Fwp%2Fv2%2Fcomments&post=725"}],"version-history":[{"count":3,"href":"https:\/\/qm1lequartiermaitre.fr\/index.php?rest_route=\/wp\/v2\/pages\/725\/revisions"}],"predecessor-version":[{"id":729,"href":"https:\/\/qm1lequartiermaitre.fr\/index.php?rest_route=\/wp\/v2\/pages\/725\/revisions\/729"}],"wp:attachment":[{"href":"https:\/\/qm1lequartiermaitre.fr\/index.php?rest_route=%2Fwp%2Fv2%2Fmedia&parent=725"}],"curies":[{"name":"wp","href":"https:\/\/api.w.org\/{rel}","templated":true}]}}