{"id":423,"date":"2023-03-26T16:57:21","date_gmt":"2023-03-26T16:57:21","guid":{"rendered":"http:\/\/qm1lequartiermaitre.fr\/?page_id=423"},"modified":"2023-04-27T17:28:16","modified_gmt":"2023-04-27T17:28:16","slug":"marinieres-pulls","status":"publish","type":"page","link":"https:\/\/qm1lequartiermaitre.fr\/?page_id=423","title":{"rendered":"MARINIERES &#038; PULLS"},"content":{"rendered":"<p>[et_pb_section fb_built=\u00a0\u00bb1&Prime; _builder_version=\u00a0\u00bb4.19.4&Prime; _module_preset=\u00a0\u00bbdefault\u00a0\u00bb global_colors_info=\u00a0\u00bb{}\u00a0\u00bb][et_pb_row _builder_version=\u00a0\u00bb4.19.4&Prime; _module_preset=\u00a0\u00bbdefault\u00a0\u00bb global_colors_info=\u00a0\u00bb{}\u00a0\u00bb][et_pb_column type=\u00a0\u00bb4_4&Prime; _builder_version=\u00a0\u00bb4.19.4&Prime; _module_preset=\u00a0\u00bbdefault\u00a0\u00bb global_colors_info=\u00a0\u00bb{}\u00a0\u00bb][et_pb_text _builder_version=\u00a0\u00bb4.20.4&Prime; _module_preset=\u00a0\u00bbdefault\u00a0\u00bb text_font=\u00a0\u00bbQuicksand||||||||\u00a0\u00bb text_text_color=\u00a0\u00bb#CC0000&Prime; text_font_size=\u00a0\u00bb24px\u00a0\u00bb text_orientation=\u00a0\u00bbcenter\u00a0\u00bb custom_margin=\u00a0\u00bb||40px||false|false\u00a0\u00bb hover_enabled=\u00a0\u00bb0&Prime; global_colors_info=\u00a0\u00bb{}\u00a0\u00bb header_text_color=\u00a0\u00bb#CC0000&Prime; header_font_size=\u00a0\u00bb25px\u00a0\u00bb sticky_enabled=\u00a0\u00bb0&Prime;]<\/p>\n<h1>MARINIERES &amp; PULLS<\/h1>\n<p>[\/et_pb_text][\/et_pb_column][\/et_pb_row][et_pb_row _builder_version=\u00a0\u00bb4.19.4&Prime; _module_preset=\u00a0\u00bbdefault\u00a0\u00bb custom_margin=\u00a0\u00bb-52px||||false|false\u00a0\u00bb global_colors_info=\u00a0\u00bb{}\u00a0\u00bb][et_pb_column type=\u00a0\u00bb4_4&Prime; _builder_version=\u00a0\u00bb4.19.4&Prime; _module_preset=\u00a0\u00bbdefault\u00a0\u00bb global_colors_info=\u00a0\u00bb{}\u00a0\u00bb][et_pb_shop type=\u00a0\u00bbproduct_category\u00a0\u00bb include_categories=\u00a0\u00bb35&Prime; columns_number=\u00a0\u00bb3&Prime; icon_hover_color=\u00a0\u00bb#CC0000&Prime; hover_overlay_color=\u00a0\u00bbrgba(255,255,255,0.6)\u00a0\u00bb hover_icon=\u00a0\u00bb&#xf13d;||fa||900&Prime; show_rating=\u00a0\u00bboff\u00a0\u00bb _builder_version=\u00a0\u00bb4.19.4&Prime; _module_preset=\u00a0\u00bbdefault\u00a0\u00bb title_font=\u00a0\u00bbQuicksand||||||||\u00a0\u00bb title_text_color=\u00a0\u00bb#000040&Prime; title_font_size=\u00a0\u00bb17px\u00a0\u00bb price_font=\u00a0\u00bbQuicksand||||||||\u00a0\u00bb price_text_color=\u00a0\u00bb#CC0000&Prime; price_font_size=\u00a0\u00bb20px\u00a0\u00bb border_radii_image=\u00a0\u00bbon|10px|10px|10px|10px\u00a0\u00bb global_colors_info=\u00a0\u00bb{}\u00a0\u00bb][\/et_pb_shop][\/et_pb_column][\/et_pb_row][\/et_pb_section]<\/p>\n","protected":false},"excerpt":{"rendered":"<p>MARINIERES &amp; PULLS<\/p>\n","protected":false},"author":1,"featured_media":0,"parent":0,"menu_order":0,"comment_status":"closed","ping_status":"closed","template":"","meta":{"_et_pb_use_builder":"on","_et_pb_old_content":"","_et_gb_content_width":"","_monsterinsights_skip_tracking":false,"_monsterinsights_sitenote_active":false,"_monsterinsights_sitenote_note":"","_monsterinsights_sitenote_category":0,"footnotes":""},"class_list":["post-423","page","type-page","status-publish","hentry"],"yoast_head":"<!-- This site is optimized with the Yoast SEO plugin v27.6 - https:\/\/yoast.com\/product\/yoast-seo-wordpress\/ -->\n<title>MARINIERES &amp; PULLS - Le Quartier Ma\u00eetre<\/title>\n<meta name=\"robots\" content=\"index, follow, max-snippet:-1, max-image-preview:large, max-video-preview:-1\" \/>\n<link rel=\"canonical\" href=\"https:\/\/qm1lequartiermaitre.fr\/?page_id=423\" \/>\n<meta property=\"og:locale\" content=\"fr_FR\" \/>\n<meta property=\"og:type\" content=\"article\" \/>\n<meta property=\"og:title\" content=\"MARINIERES &amp; PULLS - Le Quartier Ma\u00eetre\" \/>\n<meta property=\"og:description\" content=\"MARINIERES &amp; PULLS\" \/>\n<meta property=\"og:url\" content=\"https:\/\/qm1lequartiermaitre.fr\/?page_id=423\" \/>\n<meta property=\"og:site_name\" content=\"Le Quartier Ma\u00eetre\" \/>\n<meta property=\"article:modified_time\" content=\"2023-04-27T17:28:16+00:00\" \/>\n<meta name=\"twitter:card\" content=\"summary_large_image\" \/>\n<meta name=\"twitter:label1\" content=\"Dur\u00e9e de lecture estim\u00e9e\" \/>\n\t<meta name=\"twitter:data1\" content=\"1 minute\" \/>\n<script type=\"application\/ld+json\" class=\"yoast-schema-graph\">{\"@context\":\"https:\\\/\\\/schema.org\",\"@graph\":[{\"@type\":\"WebPage\",\"@id\":\"https:\\\/\\\/qm1lequartiermaitre.fr\\\/?page_id=423\",\"url\":\"https:\\\/\\\/qm1lequartiermaitre.fr\\\/?page_id=423\",\"name\":\"MARINIERES & PULLS - Le Quartier Ma\u00eetre\",\"isPartOf\":{\"@id\":\"https:\\\/\\\/qm1lequartiermaitre.fr\\\/#website\"},\"datePublished\":\"2023-03-26T16:57:21+00:00\",\"dateModified\":\"2023-04-27T17:28:16+00:00\",\"breadcrumb\":{\"@id\":\"https:\\\/\\\/qm1lequartiermaitre.fr\\\/?page_id=423#breadcrumb\"},\"inLanguage\":\"fr-FR\",\"potentialAction\":[{\"@type\":\"ReadAction\",\"target\":[\"https:\\\/\\\/qm1lequartiermaitre.fr\\\/?page_id=423\"]}]},{\"@type\":\"BreadcrumbList\",\"@id\":\"https:\\\/\\\/qm1lequartiermaitre.fr\\\/?page_id=423#breadcrumb\",\"itemListElement\":[{\"@type\":\"ListItem\",\"position\":1,\"name\":\"Accueil\",\"item\":\"https:\\\/\\\/qm1lequartiermaitre.fr\\\/\"},{\"@type\":\"ListItem\",\"position\":2,\"name\":\"MARINIERES &#038; PULLS\"}]},{\"@type\":\"WebSite\",\"@id\":\"https:\\\/\\\/qm1lequartiermaitre.fr\\\/#website\",\"url\":\"https:\\\/\\\/qm1lequartiermaitre.fr\\\/\",\"name\":\"Le Quartier Ma\u00eetre\",\"description\":\"\",\"potentialAction\":[{\"@type\":\"SearchAction\",\"target\":{\"@type\":\"EntryPoint\",\"urlTemplate\":\"https:\\\/\\\/qm1lequartiermaitre.fr\\\/?s={search_term_string}\"},\"query-input\":{\"@type\":\"PropertyValueSpecification\",\"valueRequired\":true,\"valueName\":\"search_term_string\"}}],\"inLanguage\":\"fr-FR\"}]}<\/script>\n<!-- \/ Yoast SEO plugin. -->","yoast_head_json":{"title":"MARINIERES & PULLS - Le Quartier Ma\u00eetre","robots":{"index":"index","follow":"follow","max-snippet":"max-snippet:-1","max-image-preview":"max-image-preview:large","max-video-preview":"max-video-preview:-1"},"canonical":"https:\/\/qm1lequartiermaitre.fr\/?page_id=423","og_locale":"fr_FR","og_type":"article","og_title":"MARINIERES & PULLS - Le Quartier Ma\u00eetre","og_description":"MARINIERES &amp; PULLS","og_url":"https:\/\/qm1lequartiermaitre.fr\/?page_id=423","og_site_name":"Le Quartier Ma\u00eetre","article_modified_time":"2023-04-27T17:28:16+00:00","twitter_card":"summary_large_image","twitter_misc":{"Dur\u00e9e de lecture estim\u00e9e":"1 minute"},"schema":{"@context":"https:\/\/schema.org","@graph":[{"@type":"WebPage","@id":"https:\/\/qm1lequartiermaitre.fr\/?page_id=423","url":"https:\/\/qm1lequartiermaitre.fr\/?page_id=423","name":"MARINIERES & PULLS - Le Quartier Ma\u00eetre","isPartOf":{"@id":"https:\/\/qm1lequartiermaitre.fr\/#website"},"datePublished":"2023-03-26T16:57:21+00:00","dateModified":"2023-04-27T17:28:16+00:00","breadcrumb":{"@id":"https:\/\/qm1lequartiermaitre.fr\/?page_id=423#breadcrumb"},"inLanguage":"fr-FR","potentialAction":[{"@type":"ReadAction","target":["https:\/\/qm1lequartiermaitre.fr\/?page_id=423"]}]},{"@type":"BreadcrumbList","@id":"https:\/\/qm1lequartiermaitre.fr\/?page_id=423#breadcrumb","itemListElement":[{"@type":"ListItem","position":1,"name":"Accueil","item":"https:\/\/qm1lequartiermaitre.fr\/"},{"@type":"ListItem","position":2,"name":"MARINIERES &#038; PULLS"}]},{"@type":"WebSite","@id":"https:\/\/qm1lequartiermaitre.fr\/#website","url":"https:\/\/qm1lequartiermaitre.fr\/","name":"Le Quartier Ma\u00eetre","description":"","potentialAction":[{"@type":"SearchAction","target":{"@type":"EntryPoint","urlTemplate":"https:\/\/qm1lequartiermaitre.fr\/?s={search_term_string}"},"query-input":{"@type":"PropertyValueSpecification","valueRequired":true,"valueName":"search_term_string"}}],"inLanguage":"fr-FR"}]}},"_links":{"self":[{"href":"https:\/\/qm1lequartiermaitre.fr\/index.php?rest_route=\/wp\/v2\/pages\/423","targetHints":{"allow":["GET"]}}],"collection":[{"href":"https:\/\/qm1lequartiermaitre.fr\/index.php?rest_route=\/wp\/v2\/pages"}],"about":[{"href":"https:\/\/qm1lequartiermaitre.fr\/index.php?rest_route=\/wp\/v2\/types\/page"}],"author":[{"embeddable":true,"href":"https:\/\/qm1lequartiermaitre.fr\/index.php?rest_route=\/wp\/v2\/users\/1"}],"replies":[{"embeddable":true,"href":"https:\/\/qm1lequartiermaitre.fr\/index.php?rest_route=%2Fwp%2Fv2%2Fcomments&post=423"}],"version-history":[{"count":4,"href":"https:\/\/qm1lequartiermaitre.fr\/index.php?rest_route=\/wp\/v2\/pages\/423\/revisions"}],"predecessor-version":[{"id":695,"href":"https:\/\/qm1lequartiermaitre.fr\/index.php?rest_route=\/wp\/v2\/pages\/423\/revisions\/695"}],"wp:attachment":[{"href":"https:\/\/qm1lequartiermaitre.fr\/index.php?rest_route=%2Fwp%2Fv2%2Fmedia&parent=423"}],"curies":[{"name":"wp","href":"https:\/\/api.w.org\/{rel}","templated":true}]}}